{"id":2571,"date":"2026-04-13T06:01:07","date_gmt":"2026-04-13T04:01:07","guid":{"rendered":"https:\/\/www.jeancarlosheiglgarcia.com\/mis-libros\/"},"modified":"2026-04-16T22:45:36","modified_gmt":"2026-04-16T20:45:36","slug":"mis-libros","status":"publish","type":"page","link":"https:\/\/www.jeancarlosheiglgarcia.com\/es\/mis-libros\/","title":{"rendered":"Mis libros"},"content":{"rendered":"\n<div class=\"wp-block-kadence-column kadence-column15_books-page\"><div class=\"kt-inside-inner-col\">\n\n<section class=\"jcb-page\" aria-label=\"Meine B\u00fccher \u2013 Jean Carlos Heigl Garcia\">\n\n  <!-- \u2550\u2550\u2550\u2550\u2550\u2550\u2550\u2550\u2550\u2550\u2550\u2550\u2550\u2550\u2550\u2550\u2550\u2550\u2550\u2550\u2550\u2550\u2550\u2550\u2550\u2550\u2550\u2550\u2550\u2550\u2550\u2550\u2550\u2550\u2550\u2550\u2550\u2550\n       HERO\n  \u2550\u2550\u2550\u2550\u2550\u2550\u2550\u2550\u2550\u2550\u2550\u2550\u2550\u2550\u2550\u2550\u2550\u2550\u2550\u2550\u2550\u2550\u2550\u2550\u2550\u2550\u2550\u2550\u2550\u2550\u2550\u2550\u2550\u2550\u2550\u2550\u2550\u2550 -->\n  <div class=\"jcb-hero\">\n    <div class=\"jcb-hero__glow jcb-hero__glow--1\" aria-hidden=\"true\"><\/div>\n    <div class=\"jcb-hero__glow jcb-hero__glow--2\" aria-hidden=\"true\"><\/div>\n\n    <div class=\"jcb-hero__inner\">\n      <p class=\"jcb-eyebrow\">Autor y pedagogo musical<\/p>\n      <h1 class=\"jcb-hero__title\">Mis libros<\/h1>\n      <div class=\"jcb-hero__line\"><\/div>\n      <p class=\"jcb-hero__lead\">\n  Libros pr\u00e1cticos para m\u00fasicos \u2014\n sobre presencia esc\u00e9nica, composici\u00f3n, entrenamiento vocal y la vida profesional\n de la m\u00fasica. Disponibles en espa\u00f1ol y alem\u00e1n, directamente en Amazon. \n      <\/p>\n\n      <div class=\"jcb-hero__stats\">\n        <div class=\"jcb-stat\">\n          <span class=\"jcb-stat__num\">6+<\/span>\n          <span class=\"jcb-stat__label\">t\u00edtulos publicados<\/span>\n        <\/div>\n        <div class=\"jcb-stat\">\n          <span class=\"jcb-stat__num\">2<\/span>\n          <span class=\"jcb-stat__label\">idiomas (ES \u00b7 DE)<\/span>\n        <\/div>\n        <div class=\"jcb-stat\">\n          <span class=\"jcb-stat__num\">KDP<\/span>\n          <span class=\"jcb-stat__label\">autopubl. en Amazon<\/span>\n        <\/div>\n      <\/div>\n    <\/div>\n  <\/div>\n\n  <!-- \u2550\u2550\u2550\u2550\u2550\u2550\u2550\u2550\u2550\u2550\u2550\u2550\u2550\u2550\u2550\u2550\u2550\u2550\u2550\u2550\u2550\u2550\u2550\u2550\u2550\u2550\u2550\u2550\u2550\u2550\u2550\u2550\u2550\u2550\u2550\u2550\u2550\u2550\n       B\u00dcCHER GRID\n  \u2550\u2550\u2550\u2550\u2550\u2550\u2550\u2550\u2550\u2550\u2550\u2550\u2550\u2550\u2550\u2550\u2550\u2550\u2550\u2550\u2550\u2550\u2550\u2550\u2550\u2550\u2550\u2550\u2550\u2550\u2550\u2550\u2550\u2550\u2550\u2550\u2550\u2550 -->\n  <div class=\"jcb-grid-section\">\n    <div class=\"jcb-grid\">\n\n      <!-- LIBRO 1 -->\n      <article class=\"jcb-book\">\n        <div class=\"jcb-book__cover\">\n          <img decoding=\"async\" src=\"https:\/\/www.jeancarlosheiglgarcia.com\/wp-content\/uploads\/2026\/04\/domina-el-escenario_es_ES-scaled.jpg\" alt=\"Portada \u2013 Domina el Escenario\" loading=\"lazy\"\/>\n          <div class=\"jcb-book__lang\">\ud83c\uddea\ud83c\uddf8 Espa\u00f1ol<\/div>\n        <\/div>\n        <div class=\"jcb-book__body\">\n          <p class=\"jcb-book__series\">Sistema para dejar de ser invisible<\/p>\n          <h2 class=\"jcb-book__title\">Domina el Escenario<\/h2>\n          <p class=\"jcb-book__desc\">\n  C\u00f3mo superar el miedo esc\u00e9nico y actuar con seguridad\n ante cualquier p\u00fablico. La gu\u00eda definitiva para\n m\u00fasicos que quieren brillar en escena. \n          <\/p>\n          <a class=\"jcb-book__btn\" href=\"https:\/\/www.amazon.de\/dp\/B0GW9J54HS\" target=\"_blank\" rel=\"noopener noreferrer\">\n            <svg width=\"18\" height=\"18\" viewbox=\"0 0 24 24\" fill=\"none\" aria-hidden=\"true\">\n              <path d=\"M4 4h16v12H4z\" stroke=\"currentColor\" stroke-width=\"1.5\" stroke-linejoin=\"round\"><\/path>\n              <path d=\"M8 20h8M12 16v4\" stroke=\"currentColor\" stroke-width=\"1.5\" stroke-linecap=\"round\"><\/path>\n            <\/svg>\n  Ver en Amazon.de\n          <\/a>\n        <\/div>\n      <\/article>\n\n      <!-- LIBRO 2 -->\n      <article class=\"jcb-book\">\n        <div class=\"jcb-book__cover\">\n          <img decoding=\"async\" src=\"https:\/\/www.jeancarlosheiglgarcia.com\/wp-content\/uploads\/2026\/04\/Portada.png\" alt=\"Portada \u2013 Nadie te escucha\" loading=\"lazy\"\/>\n          <div class=\"jcb-book__lang\">\ud83c\uddea\ud83c\uddf8 Espa\u00f1ol<\/div>\n        <\/div>\n        <div class=\"jcb-book__body\">\n          <p class=\"jcb-book__series\">Sistema para dejar de ser invisible \u00b7 Vol. 1<\/p>\n          <h2 class=\"jcb-book__title\">Nadie te escucha<\/h2>\n          <p class=\"jcb-book__desc\">\n  Por qu\u00e9 su talento no es suficiente y c\u00f3mo dejar de ser invisible.\n El primer libro de la serie que cambia la forma en que\n los m\u00fasicos se presentan al mundo.\n          <\/p>\n          <a class=\"jcb-book__btn\" href=\"https:\/\/www.amazon.de\/dp\/B0GWLWGS39\" target=\"_blank\" rel=\"noopener noreferrer\">\n            <svg width=\"18\" height=\"18\" viewbox=\"0 0 24 24\" fill=\"none\" aria-hidden=\"true\">\n              <path d=\"M4 4h16v12H4z\" stroke=\"currentColor\" stroke-width=\"1.5\" stroke-linejoin=\"round\"><\/path>\n              <path d=\"M8 20h8M12 16v4\" stroke=\"currentColor\" stroke-width=\"1.5\" stroke-linecap=\"round\"><\/path>\n            <\/svg>\n  Ver en Amazon.de\n          <\/a>\n        <\/div>\n      <\/article>\n\n      <!-- LIBRO 3 -->\n      <article class=\"jcb-book jcb-book--featured\">\n        <div class=\"jcb-book__featuredTag\">Destacado<\/div>\n        <div class=\"jcb-book__cover\">\n          <img decoding=\"async\" src=\"https:\/\/www.jeancarlosheiglgarcia.com\/wp-content\/uploads\/2026\/04\/portada-scaled.jpg\" alt=\"Portada \u2013 No eres especial\" loading=\"lazy\"\/>\n          <div class=\"jcb-book__lang\">\ud83c\uddea\ud83c\uddf8 Espa\u00f1ol<\/div>\n        <\/div>\n        <div class=\"jcb-book__body\">\n          <p class=\"jcb-book__series\">Sistema para dejar de ser invisible<\/p>\n          <h2 class=\"jcb-book__title\">No eres especial<\/h2>\n          <p class=\"jcb-book__desc\">\n  Por qu\u00e9 el talento no es suficiente y qu\u00e9 hacer realmente\n para destacar. Una lectura directa y sin rodeos para m\u00fasicos\n que buscan resultados reales. \n          <\/p>\n          <a class=\"jcb-book__btn\" href=\"https:\/\/www.amazon.es\/dp\/B0GWJ4T693\" target=\"_blank\" rel=\"noopener noreferrer\">\n            <svg width=\"18\" height=\"18\" viewbox=\"0 0 24 24\" fill=\"none\" aria-hidden=\"true\">\n              <path d=\"M4 4h16v12H4z\" stroke=\"currentColor\" stroke-width=\"1.5\" stroke-linejoin=\"round\"><\/path>\n              <path d=\"M8 20h8M12 16v4\" stroke=\"currentColor\" stroke-width=\"1.5\" stroke-linecap=\"round\"><\/path>\n            <\/svg>\n  Ver en Amazon Espa\u00f1a\n          <\/a>\n        <\/div>\n      <\/article>\n\n      <!-- LIBRO 4 -->\n      <article class=\"jcb-book\">\n        <div class=\"jcb-book__cover\">\n          <img decoding=\"async\" src=\"https:\/\/www.jeancarlosheiglgarcia.com\/wp-content\/uploads\/2026\/04\/PAPERBACK_6.000x9.000_185_STANDARD_WHITE_es_ES-scaled.jpg\" alt=\"Portada \u2013 El arte de escribir canciones\" loading=\"lazy\"\/>\n          <div class=\"jcb-book__lang\">\ud83c\uddea\ud83c\uddf8 Espa\u00f1ol<\/div>\n        <\/div>\n        <div class=\"jcb-book__body\">\n          <p class=\"jcb-book__series\">Sistema para dejar de ser invisible \u00b7 Vol. 5<\/p>\n          <h2 class=\"jcb-book__title\">El arte de escribir canciones<\/h2>\n          <p class=\"jcb-book__desc\">\n  Gu\u00eda pr\u00e1ctica para compositores de m\u00fasica latina y pop.\n T\u00e9cnicas reales de composici\u00f3n para crear canciones\n con identidad, emoci\u00f3n y potencial comercial.\n          <\/p>\n          <a class=\"jcb-book__btn\" href=\"https:\/\/www.amazon.de\/dp\/B0GWFW79GR\" target=\"_blank\" rel=\"noopener noreferrer\">\n            <svg width=\"18\" height=\"18\" viewbox=\"0 0 24 24\" fill=\"none\" aria-hidden=\"true\">\n              <path d=\"M4 4h16v12H4z\" stroke=\"currentColor\" stroke-width=\"1.5\" stroke-linejoin=\"round\"><\/path>\n              <path d=\"M8 20h8M12 16v4\" stroke=\"currentColor\" stroke-width=\"1.5\" stroke-linecap=\"round\"><\/path>\n            <\/svg>\n  Ver en Amazon.de\n          <\/a>\n        <\/div>\n      <\/article>\n\n      <!-- LIBRO 5 -->\n      <article class=\"jcb-book jcb-book--featured\">\n        <div class=\"jcb-book__featuredTag\">Destacado<\/div>\n        <div class=\"jcb-book__cover\">\n          <img decoding=\"async\" src=\"https:\/\/www.jeancarlosheiglgarcia.com\/wp-content\/uploads\/2026\/04\/PAPERBACK_6.000x9.000_139_STANDARD_WHITE_es_ES-scaled.jpg\" alt=\"Portada \u2013 C\u00f3mo Vivir de la M\u00fasica\" loading=\"lazy\"\/>\n          <div class=\"jcb-book__lang\">\ud83c\uddea\ud83c\uddf8 Espa\u00f1ol<\/div>\n        <\/div>\n        <div class=\"jcb-book__body\">\n          <p class=\"jcb-book__series\">Sistema para dejar de ser invisible \u00b7 Vol. 4<\/p>\n          <h2 class=\"jcb-book__title\">C\u00f3mo Vivir de la M\u00fasica<\/h2>\n          <p class=\"jcb-book__desc\">\n  El m\u00e9todo realista para convertir su talento en ingresos constantes\n sin depender del streaming ni de la fama. Estrategias concretas\n para vivir de lo que ama. \n          <\/p>\n          <a class=\"jcb-book__btn\" href=\"https:\/\/www.amazon.de\/dp\/B0GWFC44HT\" target=\"_blank\" rel=\"noopener noreferrer\">\n            <svg width=\"18\" height=\"18\" viewbox=\"0 0 24 24\" fill=\"none\" aria-hidden=\"true\">\n              <path d=\"M4 4h16v12H4z\" stroke=\"currentColor\" stroke-width=\"1.5\" stroke-linejoin=\"round\"><\/path>\n              <path d=\"M8 20h8M12 16v4\" stroke=\"currentColor\" stroke-width=\"1.5\" stroke-linecap=\"round\"><\/path>\n            <\/svg>\n  Ver en Amazon.de\n          <\/a>\n        <\/div>\n      <\/article>\n\n      <!-- LIBRO 6 -->\n      <article class=\"jcb-book\">\n        <div class=\"jcb-book__cover\">\n          <img decoding=\"async\" src=\"https:\/\/www.jeancarlosheiglgarcia.com\/wp-content\/uploads\/2026\/04\/1140X1440_px.jpg\" alt=\"Portada \u2013 Wie man von der Musik lebt\" loading=\"lazy\"\/>\n          <div class=\"jcb-book__lang\">\ud83c\udde9\ud83c\uddea Alem\u00e1n<\/div>\n        <\/div>\n        <div class=\"jcb-book__body\">\n          <p class=\"jcb-book__series\">Libro de bolsillo \u00b7 Abril de 2026<\/p>\n          <h2 class=\"jcb-book__title\">Wie man von der Musik lebt<\/h2>\n          <p class=\"jcb-book__desc\">\n  El m\u00e9todo realista para convertir su talento en ingresos constantes\n. Para m\u00fasicos de habla alemana que deseen ganarse la vida\n con la m\u00fasica. \n          <\/p>\n          <a class=\"jcb-book__btn\" href=\"https:\/\/www.amazon.de\/dp\/B0GWNCWFCC\" target=\"_blank\" rel=\"noopener noreferrer\">\n            <svg width=\"18\" height=\"18\" viewbox=\"0 0 24 24\" fill=\"none\" aria-hidden=\"true\">\n              <path d=\"M4 4h16v12H4z\" stroke=\"currentColor\" stroke-width=\"1.5\" stroke-linejoin=\"round\"><\/path>\n              <path d=\"M8 20h8M12 16v4\" stroke=\"currentColor\" stroke-width=\"1.5\" stroke-linecap=\"round\"><\/path>\n            <\/svg>\n  Ver en Amazon.de\n          <\/a>\n        <\/div>\n      <\/article>\n\n    <\/div>\n\n    <!-- CTA FINAL -->\n    <div class=\"jcb-footer\">\n      <div class=\"jcb-footer__inner\">\n        <div class=\"jcb-footer__glow\" aria-hidden=\"true\"><\/div>\n        <p class=\"jcb-eyebrow\">Todos los t\u00edtulos de un vistazo<\/p>\n        <h2 class=\"jcb-footer__title\">Cat\u00e1logo completo en Amazon<\/h2>\n        <div class=\"jcb-footer__line\"><\/div>\n        <p class=\"jcb-footer__text\">\n  Todos los libros est\u00e1n disponibles en edici\u00f3n de bolsillo y Kindle.\n  P\u00eddalos directamente en Amazon: env\u00edos a todo el mundo.\n        <\/p>\n        <div class=\"jcb-footer__ctas\">\n           <a class=\"jcb-footer__cta jcb-footer__cta--gold\" href=\"https:\/\/www.amazon.de\/s?k=Jean+Carlos+Heigl+Garcia\" target=\"_blank\" rel=\"noopener noreferrer\">\n Todos los libros en Amazon.de \u2192\n          <\/a>\n          <a class=\"jcb-footer__cta jcb-footer__cta--ghost\" href=\"https:\/\/www.jeancarlosheiglgarcia.com\/es\/sobre-mi\/\">\n \u2190 Volver a la p\u00e1gina del artista\n          <\/a> \n        <\/div>\n      <\/div>\n    <\/div>\n\n  <\/div>\n\n<\/section>\n\n<style>\n\/* \u2550\u2550\u2550\u2550\u2550\u2550\u2550\u2550\u2550\u2550\u2550\u2550\u2550\u2550\u2550\u2550\u2550\u2550\u2550\u2550\u2550\u2550\u2550\u2550\u2550\u2550\u2550\u2550\u2550\u2550\u2550\u2550\u2550\u2550\u2550\u2550\u2550\u2550\u2550\u2550\u2550\u2550\n   VARIABLES\n\u2550\u2550\u2550\u2550\u2550\u2550\u2550\u2550\u2550\u2550\u2550\u2550\u2550\u2550\u2550\u2550\u2550\u2550\u2550\u2550\u2550\u2550\u2550\u2550\u2550\u2550\u2550\u2550\u2550\u2550\u2550\u2550\u2550\u2550\u2550\u2550\u2550\u2550\u2550\u2550\u2550\u2550 *\/\n.jcb-page {\n  --gold: #c89b45;\n  --gold-2: #e6c47d;\n  --gold-3: #8e6421;\n  --dark: #0a0806;\n  --text-light: #f4f0e8;\n  --text-muted: rgba(244,240,232,.72);\n  --border-gold: rgba(212,177,98,.22);\n  --border-gold-strong: rgba(212,177,98,.40);\n  font-family: system-ui,-apple-system,Segoe UI,Roboto,Helvetica,Arial,sans-serif;\n  max-width: 1240px;\n  margin: 0 auto;\n  padding: 0 20px;\n}\n\n\/* \u2550\u2550\u2550\u2550\u2550\u2550\u2550\u2550\u2550\u2550\u2550\u2550\u2550\u2550\u2550\u2550\u2550\u2550\u2550\u2550\u2550\u2550\u2550\u2550\u2550\u2550\u2550\u2550\u2550\u2550\u2550\u2550\u2550\u2550\u2550\u2550\u2550\u2550\u2550\u2550\u2550\u2550\n   SHARED\n\u2550\u2550\u2550\u2550\u2550\u2550\u2550\u2550\u2550\u2550\u2550\u2550\u2550\u2550\u2550\u2550\u2550\u2550\u2550\u2550\u2550\u2550\u2550\u2550\u2550\u2550\u2550\u2550\u2550\u2550\u2550\u2550\u2550\u2550\u2550\u2550\u2550\u2550\u2550\u2550\u2550\u2550 *\/\n.jcb-eyebrow {\n  margin: 0 0 10px;\n  font-size: 12px;\n  letter-spacing: .20em;\n  text-transform: uppercase;\n  color: var(--gold-2);\n  font-weight: 800;\n}\n\n\/* \u2550\u2550\u2550\u2550\u2550\u2550\u2550\u2550\u2550\u2550\u2550\u2550\u2550\u2550\u2550\u2550\u2550\u2550\u2550\u2550\u2550\u2550\u2550\u2550\u2550\u2550\u2550\u2550\u2550\u2550\u2550\u2550\u2550\u2550\u2550\u2550\u2550\u2550\u2550\u2550\u2550\u2550\n   HERO\n\u2550\u2550\u2550\u2550\u2550\u2550\u2550\u2550\u2550\u2550\u2550\u2550\u2550\u2550\u2550\u2550\u2550\u2550\u2550\u2550\u2550\u2550\u2550\u2550\u2550\u2550\u2550\u2550\u2550\u2550\u2550\u2550\u2550\u2550\u2550\u2550\u2550\u2550\u2550\u2550\u2550\u2550 *\/\n.jcb-hero {\n  position: relative;\n  overflow: hidden;\n  border-radius: 36px;\n  padding: clamp(44px,5vw,72px) clamp(28px,4vw,56px);\n  margin: clamp(32px,4vw,56px) 0 clamp(28px,3vw,44px);\n  background:\n    radial-gradient(circle at 15% 30%, rgba(230,196,125,.14), transparent 32%),\n    radial-gradient(circle at 85% 70%, rgba(200,155,69,.10), transparent 28%),\n    linear-gradient(160deg, #0c0907 0%, #181310 100%);\n  border: 1px solid var(--border-gold);\n  box-shadow: 0 34px 90px rgba(0,0,0,.40);\n  color: var(--text-light);\n  text-align: center;\n}\n.jcb-hero__glow {\n  position: absolute;\n  border-radius: 999px;\n  filter: blur(70px);\n  pointer-events: none;\n}\n.jcb-hero__glow--1 {\n  width: 350px; height: 350px;\n  background: rgba(200,155,69,.14);\n  top: -80px; left: -60px;\n}\n.jcb-hero__glow--2 {\n  width: 280px; height: 280px;\n  background: rgba(230,196,125,.08);\n  bottom: -60px; right: -40px;\n}\n.jcb-hero__inner { position: relative; z-index: 2; max-width: 780px; margin: 0 auto; }\n.jcb-hero__title {\n  margin: 0;\n  font-size: clamp(38px,5vw,66px);\n  font-weight: 900;\n  color: #fff7ea;\n  letter-spacing: -.02em;\n  line-height: 1;\n}\n.jcb-hero__line {\n  width: 100px; height: 2px;\n  margin: 18px auto;\n  background: linear-gradient(90deg, transparent, var(--gold-2), transparent);\n}\n.jcb-hero__lead {\n  font-size: 16px;\n  line-height: 1.85;\n  color: var(--text-muted);\n  max-width: 620px;\n  margin: 0 auto 28px;\n}\n.jcb-hero__stats {\n  display: flex;\n  justify-content: center;\n  gap: 20px;\n  flex-wrap: wrap;\n}\n.jcb-stat {\n  display: flex;\n  flex-direction: column;\n  align-items: center;\n  padding: 14px 20px;\n  border-radius: 16px;\n  background: rgba(255,255,255,.05);\n  border: 1px solid var(--border-gold);\n  min-width: 110px;\n}\n.jcb-stat__num {\n  font-size: 26px;\n  font-weight: 900;\n  color: #fff7ea;\n  line-height: 1;\n}\n.jcb-stat__label {\n  font-size: 11px;\n  color: var(--gold-2);\n  letter-spacing: .06em;\n  text-transform: uppercase;\n  margin-top: 4px;\n  font-weight: 700;\n  text-align: center;\n}\n\n\/* \u2550\u2550\u2550\u2550\u2550\u2550\u2550\u2550\u2550\u2550\u2550\u2550\u2550\u2550\u2550\u2550\u2550\u2550\u2550\u2550\u2550\u2550\u2550\u2550\u2550\u2550\u2550\u2550\u2550\u2550\u2550\u2550\u2550\u2550\u2550\u2550\u2550\u2550\u2550\u2550\u2550\u2550\n   BOOKS GRID\n\u2550\u2550\u2550\u2550\u2550\u2550\u2550\u2550\u2550\u2550\u2550\u2550\u2550\u2550\u2550\u2550\u2550\u2550\u2550\u2550\u2550\u2550\u2550\u2550\u2550\u2550\u2550\u2550\u2550\u2550\u2550\u2550\u2550\u2550\u2550\u2550\u2550\u2550\u2550\u2550\u2550\u2550 *\/\n.jcb-grid-section { padding-bottom: clamp(40px,5vw,72px); }\n.jcb-grid {\n  display: grid;\n  grid-template-columns: 1fr;\n  gap: 24px;\n  margin-bottom: 48px;\n}\n.jcb-book {\n  position: relative;\n  display: flex;\n  flex-direction: column;\n  border-radius: 28px;\n  overflow: hidden;\n  background: #fff;\n  border: 1px solid rgba(0,0,0,.06);\n  box-shadow: 0 12px 30px rgba(0,0,0,.07);\n  transition: transform .25s ease, box-shadow .25s ease, border-color .25s ease;\n}\n.jcb-book:hover {\n  transform: translateY(-5px);\n  box-shadow: 0 24px 50px rgba(0,0,0,.13);\n  border-color: rgba(200,155,69,.30);\n}\n.jcb-book--featured {\n  border-color: rgba(200,155,69,.32);\n  box-shadow: 0 16px 40px rgba(200,155,69,.12);\n}\n.jcb-book__featuredTag {\n  position: absolute;\n  top: 14px; right: 14px;\n  z-index: 5;\n  padding: 5px 12px;\n  border-radius: 999px;\n  background: linear-gradient(135deg, var(--gold-2), var(--gold));\n  color: #16110d;\n  font-size: 11px;\n  font-weight: 900;\n  letter-spacing: .06em;\n  text-transform: uppercase;\n}\n.jcb-book__cover {\n  position: relative;\n  background: linear-gradient(135deg, #f4ede2, #e9dfcf);\n  padding: 28px 20px 16px;\n  display: flex;\n  align-items: center;\n  justify-content: center;\n  border-bottom: 1px solid rgba(0,0,0,.05);\n}\n.jcb-book__cover img {\n  max-width: 160px;\n  width: 100%;\n  height: auto;\n  display: block;\n  border-radius: 10px;\n  box-shadow: 0 10px 24px rgba(0,0,0,.16);\n}\n.jcb-book__lang {\n  position: absolute;\n  bottom: 10px; left: 14px;\n  font-size: 11px;\n  font-weight: 800;\n  letter-spacing: .06em;\n  color: #6b5a3e;\n  background: rgba(255,255,255,.85);\n  padding: 3px 9px;\n  border-radius: 999px;\n  backdrop-filter: blur(4px);\n}\n.jcb-book__body {\n  padding: 22px 22px 24px;\n  display: flex;\n  flex-direction: column;\n  flex: 1;\n}\n.jcb-book__series {\n  margin: 0 0 6px;\n  font-size: 11px;\n  font-weight: 700;\n  letter-spacing: .08em;\n  text-transform: uppercase;\n  color: var(--gold-3);\n}\n.jcb-book__title {\n  margin: 0 0 10px;\n  font-size: clamp(18px,2vw,22px);\n  font-weight: 900;\n  color: #0d0b09;\n  line-height: 1.15;\n}\n.jcb-book__desc {\n  margin: 0 0 20px;\n  font-size: 14px;\n  line-height: 1.75;\n  color: #3a3028;\n  flex: 1;\n}\n.jcb-book__btn {\n  display: inline-flex;\n  align-items: center;\n  gap: 8px;\n  padding: 12px 18px;\n  border-radius: 12px;\n  font-weight: 800;\n  font-size: 14px;\n  text-decoration: none;\n  background: #0f1111;\n  color: #fff;\n  align-self: flex-start;\n  transition: transform .2s ease, background .2s ease;\n}\n.jcb-book__btn:hover {\n  background: #232f3e;\n  transform: translateY(-1px);\n}\n\n\/* \u2550\u2550\u2550\u2550\u2550\u2550\u2550\u2550\u2550\u2550\u2550\u2550\u2550\u2550\u2550\u2550\u2550\u2550\u2550\u2550\u2550\u2550\u2550\u2550\u2550\u2550\u2550\u2550\u2550\u2550\u2550\u2550\u2550\u2550\u2550\u2550\u2550\u2550\u2550\u2550\u2550\u2550\n   FOOTER CTA\n\u2550\u2550\u2550\u2550\u2550\u2550\u2550\u2550\u2550\u2550\u2550\u2550\u2550\u2550\u2550\u2550\u2550\u2550\u2550\u2550\u2550\u2550\u2550\u2550\u2550\u2550\u2550\u2550\u2550\u2550\u2550\u2550\u2550\u2550\u2550\u2550\u2550\u2550\u2550\u2550\u2550\u2550 *\/\n.jcb-footer__inner {\n  position: relative;\n  overflow: hidden;\n  border-radius: 36px;\n  padding: clamp(32px,4vw,52px);\n  text-align: center;\n  background:\n    radial-gradient(circle at 50% 0%, rgba(230,196,125,.14), transparent 40%),\n    linear-gradient(180deg, #0e0b08 0%, #150f0a 100%);\n  border: 1px solid var(--border-gold-strong);\n  box-shadow: 0 24px 60px rgba(0,0,0,.34);\n  color: var(--text-light);\n}\n.jcb-footer__glow {\n  position: absolute;\n  width: 400px; height: 200px;\n  border-radius: 999px;\n  background: rgba(200,155,69,.12);\n  filter: blur(60px);\n  top: -40px; left: 50%;\n  transform: translateX(-50%);\n  pointer-events: none;\n}\n.jcb-footer__title {\n  position: relative;\n  z-index: 2;\n  margin: 0;\n  font-size: clamp(24px,3vw,38px);\n  font-weight: 900;\n  color: #fff7ea;\n  line-height: 1.1;\n}\n.jcb-footer__line {\n  width: 90px; height: 2px;\n  margin: 16px auto;\n  background: linear-gradient(90deg, transparent, var(--gold-2), transparent);\n}\n.jcb-footer__text {\n  position: relative;\n  z-index: 2;\n  font-size: 15px;\n  line-height: 1.8;\n  color: var(--text-muted);\n  max-width: 520px;\n  margin: 0 auto 28px;\n}\n.jcb-footer__ctas {\n  position: relative;\n  z-index: 2;\n  display: flex;\n  flex-wrap: wrap;\n  gap: 14px;\n  justify-content: center;\n}\n.jcb-footer__cta {\n  display: inline-flex;\n  align-items: center;\n  padding: 14px 26px;\n  border-radius: 14px;\n  font-weight: 900;\n  font-size: 15px;\n  text-decoration: none;\n  transition: transform .2s ease, box-shadow .2s ease;\n}\n.jcb-footer__cta--gold {\n  background: linear-gradient(180deg, var(--gold-2), var(--gold));\n  color: #16110d;\n  box-shadow: 0 12px 30px rgba(200,155,69,.26);\n}\n.jcb-footer__cta--gold:hover {\n  transform: translateY(-2px);\n  box-shadow: 0 18px 40px rgba(200,155,69,.34);\n}\n.jcb-footer__cta--ghost {\n  background: transparent;\n  color: var(--text-muted);\n  border: 1px solid rgba(255,255,255,.14);\n}\n.jcb-footer__cta--ghost:hover {\n  transform: translateY(-1px);\n  border-color: var(--border-gold);\n  color: #fff7ea;\n}\n\n\/* \u2550\u2550\u2550\u2550\u2550\u2550\u2550\u2550\u2550\u2550\u2550\u2550\u2550\u2550\u2550\u2550\u2550\u2550\u2550\u2550\u2550\u2550\u2550\u2550\u2550\u2550\u2550\u2550\u2550\u2550\u2550\u2550\u2550\u2550\u2550\u2550\u2550\u2550\u2550\u2550\u2550\u2550\n   RESPONSIVE\n\u2550\u2550\u2550\u2550\u2550\u2550\u2550\u2550\u2550\u2550\u2550\u2550\u2550\u2550\u2550\u2550\u2550\u2550\u2550\u2550\u2550\u2550\u2550\u2550\u2550\u2550\u2550\u2550\u2550\u2550\u2550\u2550\u2550\u2550\u2550\u2550\u2550\u2550\u2550\u2550\u2550\u2550 *\/\n@media (min-width: 640px) {\n  .jcb-grid { grid-template-columns: repeat(2, 1fr); }\n  .jcb-book { flex-direction: row; }\n  .jcb-book__cover {\n    width: 180px;\n    flex-shrink: 0;\n    border-bottom: none;\n    border-right: 1px solid rgba(0,0,0,.05);\n  }\n  .jcb-book__cover img { max-width: 130px; }\n}\n\n@media (min-width: 1024px) {\n  .jcb-grid { grid-template-columns: repeat(3, 1fr); }\n  .jcb-book { flex-direction: column; }\n  .jcb-book__cover {\n    width: 100%;\n    border-right: none;\n    border-bottom: 1px solid rgba(0,0,0,.05);\n  }\n  .jcb-book__cover img { max-width: 160px; }\n}\n\n@media (max-width: 480px) {\n  .jcb-hero { text-align: left; }\n  .jcb-hero__stats { justify-content: flex-start; }\n  .jcb-footer__cta { width: 100%; justify-content: center; }\n}\n<\/style>\n\n<\/div><\/div>\n\n","protected":false},"excerpt":{"rendered":"<p>Autor y pedagogo musical Mis libros Libros pr\u00e1cticos para m\u00fasicos \u2014 sobre presencia esc\u00e9nica, composici\u00f3n, entrenamiento vocal y la vida profesional de la m\u00fasica. Disponibles en espa\u00f1ol y alem\u00e1n, directamente&#8230;<\/p>\n","protected":false},"author":1,"featured_media":0,"parent":0,"menu_order":0,"comment_status":"closed","ping_status":"closed","template":"","meta":{"_EventAllDay":false,"_EventTimezone":"","_EventStartDate":"","_EventEndDate":"","_EventStartDateUTC":"","_EventEndDateUTC":"","_EventShowMap":false,"_EventShowMapLink":false,"_EventURL":"","_EventCost":"","_EventCostDescription":"","_EventCurrencySymbol":"","_EventCurrencyCode":"","_EventCurrencyPosition":"","_EventDateTimeSeparator":"","_EventTimeRangeSeparator":"","_EventOrganizerID":[],"_EventVenueID":[],"_OrganizerEmail":"","_OrganizerPhone":"","_OrganizerWebsite":"","_VenueAddress":"","_VenueCity":"","_VenueCountry":"","_VenueProvince":"","_VenueState":"","_VenueZip":"","_VenuePhone":"","_VenueURL":"","_VenueStateProvince":"","_VenueLat":"","_VenueLng":"","_VenueShowMap":false,"_VenueShowMapLink":false,"_kadence_starter_templates_imported_post":false,"_kad_post_transparent":"","_kad_post_title":"","_kad_post_layout":"","_kad_post_sidebar_id":"","_kad_post_content_style":"","_kad_post_vertical_padding":"","_kad_post_feature":"","_kad_post_feature_position":"","_kad_post_header":false,"_kad_post_footer":false,"_kad_post_classname":"","footnotes":""},"class_list":["post-2571","page","type-page","status-publish","hentry"],"_links":{"self":[{"href":"https:\/\/www.jeancarlosheiglgarcia.com\/es\/wp-json\/wp\/v2\/pages\/2571","targetHints":{"allow":["GET"]}}],"collection":[{"href":"https:\/\/www.jeancarlosheiglgarcia.com\/es\/wp-json\/wp\/v2\/pages"}],"about":[{"href":"https:\/\/www.jeancarlosheiglgarcia.com\/es\/wp-json\/wp\/v2\/types\/page"}],"author":[{"embeddable":true,"href":"https:\/\/www.jeancarlosheiglgarcia.com\/es\/wp-json\/wp\/v2\/users\/1"}],"replies":[{"embeddable":true,"href":"https:\/\/www.jeancarlosheiglgarcia.com\/es\/wp-json\/wp\/v2\/comments?post=2571"}],"version-history":[{"count":1,"href":"https:\/\/www.jeancarlosheiglgarcia.com\/es\/wp-json\/wp\/v2\/pages\/2571\/revisions"}],"predecessor-version":[{"id":2572,"href":"https:\/\/www.jeancarlosheiglgarcia.com\/es\/wp-json\/wp\/v2\/pages\/2571\/revisions\/2572"}],"wp:attachment":[{"href":"https:\/\/www.jeancarlosheiglgarcia.com\/es\/wp-json\/wp\/v2\/media?parent=2571"}],"curies":[{"name":"wp","href":"https:\/\/api.w.org\/{rel}","templated":true}]}}