{"id":2565,"date":"2026-04-15T16:01:47","date_gmt":"2026-04-15T14:01:47","guid":{"rendered":"https:\/\/www.jeancarlosheiglgarcia.com\/junta-directiva\/"},"modified":"2026-04-16T22:44:56","modified_gmt":"2026-04-16T20:44:56","slug":"junta-directiva","status":"publish","type":"page","link":"https:\/\/www.jeancarlosheiglgarcia.com\/es\/junta-directiva\/","title":{"rendered":"Junta directiva"},"content":{"rendered":"\n<section class=\"jc-vorstand\" aria-label=\"Vorstand \u2013 Verein zur F\u00f6rderung von Musik und Kultur in Wien\">\n\n  <div class=\"jc-vorstand__hero\">\n    <div class=\"jc-vorstand__seal\">\n      <div class=\"jc-vorstand__seal-ring\"><\/div>\n      <div class=\"jc-vorstand__seal-ring2\"><\/div>\n      <div class=\"jc-vorstand__seal-inner\">\n        <img decoding=\"async\" class=\"jc-vorstand__logo\" src=\"https:\/\/www.jeancarlosheiglgarcia.com\/wp-content\/uploads\/2026\/04\/msd_vienna_logo.png\" alt=\"Asociaci\u00f3n para la Promoci\u00f3n de la M\u00fasica y la Cultura en Viena \u2013 Logotipo\"\/>\n      <\/div>\n    <\/div>\n\n    <p class=\"jc-vorstand__eyebrow\">Asociaci\u00f3n para la Promoci\u00f3n de la M\u00fasica y la Cultura en Viena<\/p>\n    <h1 class=\"jc-vorstand__title\">Junta directiva<\/h1>\n    <div class=\"jc-vorstand__line\"><\/div>\n    <p class=\"jc-vorstand__subtitle\">\n La junta directiva de la asociaci\u00f3n est\u00e1 formada por personas comprometidas\n que, conjuntamente, impulsan la promoci\u00f3n de la m\u00fasica y la cultura en Viena.\n    <\/p>\n  <\/div>\n\n  <div class=\"jc-vorstand__grid\">\n\n    <div class=\"jc-vorstand__card jc-vorstand__card--featured\">\n      <div class=\"jc-vorstand__photoWrap\">\n        <img decoding=\"async\" class=\"jc-vorstand__photo\" src=\"https:\/\/www.jeancarlosheiglgarcia.com\/wp-content\/uploads\/2026\/04\/Jean-Carlos-Heigl-Garcia.png\" alt=\"Jean Carlos Heigl \u2013 Presidente\"\/>\n        <div class=\"jc-vorstand__photoGlow\" aria-hidden=\"true\"><\/div>\n      <\/div>\n      <div class=\"jc-vorstand__info\">\n        <span class=\"jc-vorstand__role\">Presidente<\/span>\n        <h2 class=\"jc-vorstand__name\">Jean Carlos Heigl<\/h2>\n        <div class=\"jc-vorstand__since\">En el cargo desde: 15 de enero de 2026 \u00b7 indefinido<\/div>\n        <p class=\"jc-vorstand__bio\">\n M\u00fasico, compositor y productor musical con ra\u00edces venezolanas, residente en Viena.\n Especializado en Latin Fusion, salsa, bachata y ritmos caribe\u00f1os.\n Como presidente, Jean Carlos dirige la asociaci\u00f3n y la representa externamente.\n Su visi\u00f3n: arraigar de forma sostenible la cultura musical latinoamericana en Viena.\n        <\/p>\n        <div class=\"jc-vorstand__tags\">\n          <span class=\"jc-vorstand__tag\">M\u00fasico y compositor<\/span>\n          <span class=\"jc-vorstand__tag\">M\u00fasica latina en Viena<\/span>\n          <span class=\"jc-vorstand__tag\">Direcci\u00f3n de la asociaci\u00f3n<\/span>\n        <\/div>\n        <a class=\"jc-vorstand__link\" href=\"https:\/\/www.jeancarlosheiglgarcia.com\/ueber-mich\/\">\n Ver perfil art\u00edstico \u2192\n        <\/a>\n      <\/div>\n    <\/div>\n\n    <div class=\"jc-vorstand__card\">\n      <div class=\"jc-vorstand__photoWrap\">\n        <img decoding=\"async\" class=\"jc-vorstand__photo\" src=\"https:\/\/www.jeancarlosheiglgarcia.com\/wp-content\/uploads\/2026\/04\/Dr_Corina-Paula-Heigl.png\" alt=\"Dra. Corina Paula Heigl \u2013 Secretaria y tesorera\"\/>\n        <div class=\"jc-vorstand__photoGlow\" aria-hidden=\"true\"><\/div>\n      <\/div>\n      <div class=\"jc-vorstand__info\">\n        <span class=\"jc-vorstand__role\">Secretaria y tesorera<\/span>\n        <h2 class=\"jc-vorstand__name\">Dra. Corina Paula Heigl<\/h2>\n        <div class=\"jc-vorstand__since\">En el cargo desde: 15 de enero de 2026 \u00b7 indefinido<\/div>\n        <p class=\"jc-vorstand__bio\">\n Como secretaria, la Dra. Corina Paula Heigl se encarga de la documentaci\u00f3n\n de las actividades de la asociaci\u00f3n y, como tesorera, de la gesti\u00f3n de las finanzas de la asociaci\u00f3n.\n Garantiza la transparencia, el orden y el rigor legal en la gesti\u00f3n de la asociaci\u00f3n.\n        <\/p>\n        <div class=\"jc-vorstand__tags\">\n          <span class=\"jc-vorstand__tag\">Secretaria<\/span>\n          <span class=\"jc-vorstand__tag\">Tesorera<\/span>\n          <span class=\"jc-vorstand__tag\">Administraci\u00f3n de la asociaci\u00f3n<\/span>\n        <\/div>\n      <\/div>\n    <\/div>\n\n  <\/div>\n\n  <div class=\"jc-vorstand__legal\">\n    <div class=\"jc-vorstand__legalInner\">\n      <p class=\"jc-vorstand__legalEyebrow\">Datos oficiales<\/p>\n      <div class=\"jc-vorstand__legalGrid\">\n        <div class=\"jc-vorstand__legalItem\">\n          <span class=\"jc-vorstand__legalLabel\">Nombre de la asociaci\u00f3n<\/span>\n          <span class=\"jc-vorstand__legalValue\">Asociaci\u00f3n para la promoci\u00f3n de la m\u00fasica y la cultura en Viena<\/span>\n        <\/div>\n        <div class=\"jc-vorstand__legalItem\">\n          <span class=\"jc-vorstand__legalLabel\">N\u00famero ZVR<\/span>\n          <span class=\"jc-vorstand__legalValue\">1466346856<\/span>\n        <\/div>\n        <div class=\"jc-vorstand__legalItem\">\n          <span class=\"jc-vorstand__legalLabel\">Inscripci\u00f3n en el registro<\/span>\n          <span class=\"jc-vorstand__legalValue\">05 de marzo de 2026<\/span>\n        <\/div>\n        <div class=\"jc-vorstand__legalItem\">\n          <span class=\"jc-vorstand__legalLabel\">Sede<\/span>\n          <span class=\"jc-vorstand__legalValue\">Columbusgasse 20\/20, 1100 Viena<\/span>\n        <\/div>\n        <div class=\"jc-vorstand__legalItem\">\n          <span class=\"jc-vorstand__legalLabel\">Autoridad competente<\/span>\n          <span class=\"jc-vorstand__legalValue\">Direcci\u00f3n de Polic\u00eda Regional de Viena<\/span>\n        <\/div>\n        <div class=\"jc-vorstand__legalItem\">\n          <span class=\"jc-vorstand__legalLabel\">Facultad de representaci\u00f3n<\/span>\n          <span class=\"jc-vorstand__legalValue\">Presidente desde el 15-01-2026, indefinido<\/span>\n        <\/div>\n      <\/div>\n    <\/div>\n  <\/div>\n\n  <div class=\"jc-vorstand__cta\">\n    <div class=\"jc-vorstand__ctaSeal\">\n      <div class=\"jc-vorstand__ctaSeal-ring\"><\/div>\n      <div class=\"jc-vorstand__ctaSeal-ring2\"><\/div>\n      <div class=\"jc-vorstand__ctaSeal-inner\">\n        <img decoding=\"async\" class=\"jc-vorstand__ctaLogo\" src=\"https:\/\/www.jeancarlosheiglgarcia.com\/wp-content\/uploads\/2026\/04\/msd_vienna_logo.png\" alt=\"Asociaci\u00f3n para la Promoci\u00f3n de la M\u00fasica y la Cultura en Viena\"\/>\n      <\/div>\n    <\/div>\n\n    <p class=\"jc-vorstand__ctaText\">\u00bfPreguntas sobre la asociaci\u00f3n o inter\u00e9s en una colaboraci\u00f3n?<\/p>\n    <a class=\"jc-vorstand__ctaBtn\" href=\"https:\/\/www.jeancarlosheiglgarcia.com\/es\/contacto\/\">\n Contactar\n    <\/a>\n  <\/div>\n\n<\/section>\n\n<style>\n.jc-vorstand{\n  max-width:1000px;\n  margin:0 auto;\n  padding:clamp(40px,6vw,80px) 20px;\n  font-family:system-ui,-apple-system,sans-serif;\n}\n.jc-vorstand__hero{\n  text-align:center;\n  max-width:720px;\n  margin:0 auto 52px;\n}\n\n\/* HERO SEAL *\/\n.jc-vorstand__seal{\n  position:relative;\n  width:200px;\n  height:200px;\n  margin:0 auto 24px;\n}\n.jc-vorstand__seal-ring{\n  position:absolute;\n  inset:0;\n  border-radius:50%;\n  border:1px solid rgba(196,154,42,0.35);\n  animation:jcVorstandRotateSlow 20s linear infinite;\n}\n.jc-vorstand__seal-ring::before{\n  content:'';\n  position:absolute;\n  top:-3px;\n  left:50%;\n  transform:translateX(-50%);\n  width:6px;\n  height:6px;\n  border-radius:50%;\n  background:#c89b45;\n}\n.jc-vorstand__seal-ring2{\n  position:absolute;\n  inset:10px;\n  border-radius:50%;\n  border:0.5px solid rgba(196,154,42,0.15);\n}\n.jc-vorstand__seal-inner{\n  position:absolute;\n  inset:18px;\n  border-radius:50%;\n  background:#FFFFFF;\n  display:flex;\n  align-items:center;\n  justify-content:center;\n  box-shadow:inset 0 0 20px rgba(0,0,0,0.06);\n}\n.jc-vorstand__logo{\n  width:100px;\n  height:auto;\n  display:block;\n  filter:drop-shadow(0 4px 16px rgba(200,155,69,.18));\n}\n\n.jc-vorstand__eyebrow{\n  font-size:11px;\n  letter-spacing:.24em;\n  text-transform:uppercase;\n  color:#8e6421;\n  font-weight:700;\n  margin:0 0 12px;\n}\n.jc-vorstand__title{\n  font-size:clamp(32px,4.5vw,56px);\n  font-weight:900;\n  color:#0d0b09;\n  margin:0 0 16px;\n  font-family:Georgia,serif;\n  line-height:1.02;\n}\n.jc-vorstand__line{\n  width:80px;\n  height:2px;\n  margin:0 auto 20px;\n  background:linear-gradient(90deg,transparent,#c89b45,transparent);\n}\n.jc-vorstand__subtitle{\n  font-size:16px;\n  line-height:1.8;\n  color:#3d3428;\n  margin:0;\n}\n.jc-vorstand__grid{\n  display:grid;\n  grid-template-columns:1fr;\n  gap:24px;\n  margin-bottom:48px;\n}\n.jc-vorstand__card{\n  display:flex;\n  flex-direction:column;\n  gap:24px;\n  padding:32px;\n  border-radius:24px;\n  background:#fff;\n  border:1px solid rgba(200,155,69,.18);\n  box-shadow:0 8px 28px rgba(0,0,0,.06);\n  transition:transform .2s,box-shadow .2s,border-color .2s;\n}\n.jc-vorstand__card:hover{\n  transform:translateY(-3px);\n  box-shadow:0 18px 44px rgba(0,0,0,.10);\n  border-color:rgba(200,155,69,.36);\n}\n.jc-vorstand__card--featured{\n  background:linear-gradient(135deg,rgba(200,155,69,.07),#fff);\n  border:1px solid rgba(200,155,69,.30);\n}\n.jc-vorstand__photoWrap{\n  position:relative;\n  width:140px;\n  flex-shrink:0;\n  align-self:flex-start;\n  margin-top:4px;\n}\n.jc-vorstand__photo{\n  width:140px;\n  height:170px;\n  object-fit:cover;\n  object-position:top center;\n  border-radius:16px;\n  display:block;\n  border:2px solid rgba(200,155,69,.25);\n  box-shadow:0 8px 24px rgba(0,0,0,.12);\n}\n.jc-vorstand__photoGlow{\n  position:absolute;\n  inset:-4px;\n  border-radius:18px;\n  background:transparent;\n  border:1px solid rgba(200,155,69,.18);\n  pointer-events:none;\n}\n.jc-vorstand__role{\n  display:inline-block;\n  font-size:11px;\n  letter-spacing:.20em;\n  text-transform:uppercase;\n  color:#8e6421;\n  font-weight:700;\n  margin-bottom:6px;\n  padding:4px 10px;\n  background:rgba(200,155,69,.10);\n  border-radius:999px;\n  border:1px solid rgba(200,155,69,.22);\n}\n.jc-vorstand__name{\n  font-size:clamp(20px,2.5vw,26px);\n  font-weight:900;\n  color:#0d0b09;\n  margin:6px 0 8px;\n  font-family:Georgia,serif;\n}\n.jc-vorstand__since{\n  font-size:12px;\n  color:#8e6421;\n  letter-spacing:.04em;\n  margin-bottom:14px;\n  font-weight:600;\n}\n.jc-vorstand__bio{\n  font-size:15px;\n  line-height:1.8;\n  color:#3d3428;\n  margin:0 0 16px;\n}\n.jc-vorstand__tags{\n  display:flex;\n  flex-wrap:wrap;\n  gap:8px;\n  margin-bottom:16px;\n}\n.jc-vorstand__tag{\n  padding:5px 12px;\n  border-radius:999px;\n  font-size:12px;\n  font-weight:600;\n  background:#fff;\n  border:1px solid rgba(200,155,69,.22);\n  color:#5a4a2a;\n  letter-spacing:.03em;\n}\n.jc-vorstand__link{\n  display:inline-block;\n  font-size:14px;\n  font-weight:700;\n  color:#c89b45;\n  text-decoration:none;\n  letter-spacing:.04em;\n  transition:color .2s;\n}\n.jc-vorstand__link:hover{ color:#8e6421; }\n\n.jc-vorstand__legal{ margin-bottom:48px; }\n.jc-vorstand__legalInner{\n  padding:32px;\n  border-radius:20px;\n  background:linear-gradient(180deg,#0f0c09,#16120f);\n  border:1px solid rgba(212,177,98,.20);\n  box-shadow:0 20px 50px rgba(0,0,0,.22);\n}\n.jc-vorstand__legalEyebrow{\n  font-size:11px;\n  letter-spacing:.22em;\n  text-transform:uppercase;\n  color:#e6c47d;\n  font-weight:700;\n  margin:0 0 20px;\n}\n.jc-vorstand__legalGrid{\n  display:grid;\n  grid-template-columns:1fr;\n  gap:12px;\n}\n.jc-vorstand__legalItem{\n  display:flex;\n  flex-direction:column;\n  gap:3px;\n  padding:12px 16px;\n  border-radius:12px;\n  background:rgba(255,255,255,.04);\n  border:1px solid rgba(212,177,98,.10);\n}\n.jc-vorstand__legalLabel{\n  font-size:11px;\n  letter-spacing:.16em;\n  text-transform:uppercase;\n  color:rgba(230,196,125,.60);\n  font-weight:700;\n}\n.jc-vorstand__legalValue{\n  font-size:15px;\n  color:#f4f0e8;\n  font-weight:600;\n}\n\n.jc-vorstand__cta{\n  text-align:center;\n  padding:40px 24px;\n  border-radius:24px;\n  background:linear-gradient(135deg,rgba(200,155,69,.10),rgba(230,196,125,.04));\n  border:1px solid rgba(200,155,69,.24);\n}\n\n\/* CTA SEAL *\/\n.jc-vorstand__ctaSeal{\n  position:relative;\n  width:120px;\n  height:120px;\n  margin:0 auto 20px;\n}\n.jc-vorstand__ctaSeal-ring{\n  position:absolute;\n  inset:0;\n  border-radius:50%;\n  border:1px solid rgba(196,154,42,0.35);\n  animation:jcVorstandRotateSlow 20s linear infinite;\n}\n.jc-vorstand__ctaSeal-ring::before{\n  content:'';\n  position:absolute;\n  top:-3px;\n  left:50%;\n  transform:translateX(-50%);\n  width:6px;\n  height:6px;\n  border-radius:50%;\n  background:#c89b45;\n}\n.jc-vorstand__ctaSeal-ring2{\n  position:absolute;\n  inset:8px;\n  border-radius:50%;\n  border:0.5px solid rgba(196,154,42,0.15);\n}\n.jc-vorstand__ctaSeal-inner{\n  position:absolute;\n  inset:14px;\n  border-radius:50%;\n  background:#FFFFFF;\n  display:flex;\n  align-items:center;\n  justify-content:center;\n  box-shadow:inset 0 0 20px rgba(0,0,0,0.06);\n}\n.jc-vorstand__ctaLogo{\n  width:58px;\n  height:auto;\n  display:block;\n  filter:drop-shadow(0 4px 14px rgba(200,155,69,.25));\n}\n\n.jc-vorstand__ctaText{\n  font-size:17px;\n  color:#3d3428;\n  margin:0 0 20px;\n  font-family:Georgia,serif;\n}\n.jc-vorstand__ctaBtn{\n  display:inline-flex;\n  align-items:center;\n  justify-content:center;\n  padding:14px 28px;\n  border-radius:12px;\n  font-weight:900;\n  font-size:15px;\n  text-decoration:none;\n  background:linear-gradient(170deg,#e6c47d,#c89b45);\n  color:#16110d;\n  box-shadow:0 10px 28px rgba(200,155,69,.28);\n  transition:transform .2s,box-shadow .2s;\n  letter-spacing:.04em;\n}\n.jc-vorstand__ctaBtn:hover{\n  transform:translateY(-2px);\n  box-shadow:0 16px 36px rgba(200,155,69,.38);\n}\n\n@keyframes jcVorstandRotateSlow{\n  from{transform:rotate(0deg)}\n  to{transform:rotate(360deg)}\n}\n\n@media(min-width:600px){\n  .jc-vorstand__card{ flex-direction:row; }\n}\n@media(min-width:720px){\n  .jc-vorstand__legalGrid{ grid-template-columns:1fr 1fr; }\n}\n<\/style>\n","protected":false},"excerpt":{"rendered":"<p>Asociaci\u00f3n para la Promoci\u00f3n de la M\u00fasica y la Cultura en Viena Junta directiva La junta directiva de la asociaci\u00f3n est\u00e1 formada por personas comprometidas que, conjuntamente, impulsan la promoci\u00f3n&#8230;<\/p>\n","protected":false},"author":1,"featured_media":0,"parent":0,"menu_order":0,"comment_status":"closed","ping_status":"closed","template":"","meta":{"_EventAllDay":false,"_EventTimezone":"","_EventStartDate":"","_EventEndDate":"","_EventStartDateUTC":"","_EventEndDateUTC":"","_EventShowMap":false,"_EventShowMapLink":false,"_EventURL":"","_EventCost":"","_EventCostDescription":"","_EventCurrencySymbol":"","_EventCurrencyCode":"","_EventCurrencyPosition":"","_EventDateTimeSeparator":"","_EventTimeRangeSeparator":"","_EventOrganizerID":[],"_EventVenueID":[],"_OrganizerEmail":"","_OrganizerPhone":"","_OrganizerWebsite":"","_VenueAddress":"","_VenueCity":"","_VenueCountry":"","_VenueProvince":"","_VenueState":"","_VenueZip":"","_VenuePhone":"","_VenueURL":"","_VenueStateProvince":"","_VenueLat":"","_VenueLng":"","_VenueShowMap":false,"_VenueShowMapLink":false,"_kadence_starter_templates_imported_post":false,"_kad_post_transparent":"","_kad_post_title":"","_kad_post_layout":"","_kad_post_sidebar_id":"","_kad_post_content_style":"","_kad_post_vertical_padding":"","_kad_post_feature":"","_kad_post_feature_position":"","_kad_post_header":false,"_kad_post_footer":false,"_kad_post_classname":"","footnotes":""},"class_list":["post-2565","page","type-page","status-publish","hentry"],"_links":{"self":[{"href":"https:\/\/www.jeancarlosheiglgarcia.com\/es\/wp-json\/wp\/v2\/pages\/2565","targetHints":{"allow":["GET"]}}],"collection":[{"href":"https:\/\/www.jeancarlosheiglgarcia.com\/es\/wp-json\/wp\/v2\/pages"}],"about":[{"href":"https:\/\/www.jeancarlosheiglgarcia.com\/es\/wp-json\/wp\/v2\/types\/page"}],"author":[{"embeddable":true,"href":"https:\/\/www.jeancarlosheiglgarcia.com\/es\/wp-json\/wp\/v2\/users\/1"}],"replies":[{"embeddable":true,"href":"https:\/\/www.jeancarlosheiglgarcia.com\/es\/wp-json\/wp\/v2\/comments?post=2565"}],"version-history":[{"count":1,"href":"https:\/\/www.jeancarlosheiglgarcia.com\/es\/wp-json\/wp\/v2\/pages\/2565\/revisions"}],"predecessor-version":[{"id":2566,"href":"https:\/\/www.jeancarlosheiglgarcia.com\/es\/wp-json\/wp\/v2\/pages\/2565\/revisions\/2566"}],"wp:attachment":[{"href":"https:\/\/www.jeancarlosheiglgarcia.com\/es\/wp-json\/wp\/v2\/media?parent=2565"}],"curies":[{"name":"wp","href":"https:\/\/api.w.org\/{rel}","templated":true}]}}